{"id":269,"date":"2026-04-25T04:07:25","date_gmt":"2026-04-25T04:07:25","guid":{"rendered":"https:\/\/locnuocsendo.com\/?page_id=269"},"modified":"2026-05-08T01:48:58","modified_gmt":"2026-05-08T01:48:58","slug":"gioi-thieu","status":"publish","type":"page","link":"https:\/\/locnuocsendo.com\/index.php\/gioi-thieu\/","title":{"rendered":"GI\u1edaI THI\u1ec6U"},"content":{"rendered":"<p data-start=\"74\" data-end=\"471\">Trong b\u1ed1i c\u1ea3nh ngu\u1ed3n n\u01b0\u1edbc sinh ho\u1ea1t ng\u00e0y c\u00e0ng \u00f4 nhi\u1ec5m, vi\u1ec7c s\u1edf h\u1eefu m\u1ed9t h\u1ec7 th\u1ed1ng x\u1eed l\u00fd n\u01b0\u1edbc hi\u1ec7u qu\u1ea3 v\u00e0 an to\u00e0n \u0111\u00e3 tr\u1edf th\u00e0nh nhu c\u1ea7u thi\u1ebft y\u1ebfu \u0111\u1ed1i v\u1edbi m\u1ed7i gia \u0111\u00ecnh v\u00e0 doanh nghi\u1ec7p. V\u1edbi mong mu\u1ed1n mang \u0111\u1ebfn ngu\u1ed3n n\u01b0\u1edbc s\u1ea1ch \u0111\u1ea1t chu\u1ea9n, an to\u00e0n cho s\u1ee9c kh\u1ecfe v\u00e0 t\u1ed1i \u01b0u chi ph\u00ed s\u1eed d\u1ee5ng, <strong data-start=\"352\" data-end=\"371\">L\u1ecdc N\u01b0\u1edbc Sen \u0110\u1ecf<\/strong> ra \u0111\u1eddi v\u00e0 kh\u00f4ng ng\u1eebng ph\u00e1t tri\u1ec3n \u0111\u1ec3 tr\u1edf th\u00e0nh \u0111\u01a1n v\u1ecb uy t\u00edn trong l\u0129nh v\u1ef1c x\u1eed l\u00fd n\u01b0\u1edbc t\u1ea1i Vi\u1ec7t Nam.<\/p>\n<p data-start=\"473\" data-end=\"594\">L\u1ecdc N\u01b0\u1edbc Sen \u0110\u1ecf l\u00e0 th\u01b0\u01a1ng hi\u1ec7u tr\u1ef1c thu\u1ed9c <strong data-start=\"515\" data-end=\"556\">C\u00f4ng Ty TNHH DVKT C\u01a1 \u0110i\u1ec7n L\u1ea1nh Sen \u0110\u1ecf<\/strong>, chuy\u00ean ho\u1ea1t \u0111\u1ed9ng trong c\u00e1c l\u0129nh v\u1ef1c:<\/p>\n<ul data-start=\"595\" data-end=\"843\">\n<li data-section-id=\"1fq7n5r\" data-start=\"595\" data-end=\"650\">H\u1ec7 th\u1ed1ng l\u1ecdc n\u01b0\u1edbc gi\u1ebfng khoan gia \u0111\u00ecnh v\u00e0 c\u00f4ng nghi\u1ec7p<\/li>\n<li data-section-id=\"q98cnt\" data-start=\"651\" data-end=\"678\">M\u00e1y l\u1ecdc n\u01b0\u1edbc RO, Nano, UF<\/li>\n<li data-section-id=\"162vzft\" data-start=\"679\" data-end=\"714\">Thi\u1ebft b\u1ecb v\u00e0 v\u1eadt t\u01b0 ng\u00e0nh l\u1ecdc n\u01b0\u1edbc<\/li>\n<li data-section-id=\"dhrl9w\" data-start=\"715\" data-end=\"794\">Gi\u1ea3i ph\u00e1p x\u1eed l\u00fd n\u01b0\u1edbc nhi\u1ec5m ph\u00e8n, nhi\u1ec5m s\u1eaft, mangan, n\u01b0\u1edbc \u0111\u1ee5c, n\u01b0\u1edbc c\u00f3 m\u00f9i h\u00f4i<\/li>\n<li data-section-id=\"v9yuab\" data-start=\"795\" data-end=\"843\">Thi c\u00f4ng, l\u1eafp \u0111\u1eb7t v\u00e0 b\u1ea3o tr\u00ec h\u1ec7 th\u1ed1ng l\u1ecdc n\u01b0\u1edbc<\/li>\n<\/ul>\n<p data-start=\"845\" data-end=\"1021\">V\u1edbi \u0111\u1ecbnh h\u01b0\u1edbng ph\u00e1t tri\u1ec3n b\u1ec1n v\u1eefng, ch\u00fang t\u00f4i lu\u00f4n l\u1ea5y <strong data-start=\"900\" data-end=\"969\">ch\u1ea5t l\u01b0\u1ee3ng s\u1ea3n ph\u1ea9m \u2013 hi\u1ec7u qu\u1ea3 x\u1eed l\u00fd \u2013 s\u1ef1 h\u00e0i l\u00f2ng c\u1ee7a kh\u00e1ch h\u00e0ng<\/strong> l\u00e0m gi\u00e1 tr\u1ecb c\u1ed1t l\u00f5i trong m\u1ecdi ho\u1ea1t \u0111\u1ed9ng kinh doanh.<\/p>\n<hr data-start=\"1023\" data-end=\"1026\" \/>\n<h2 data-section-id=\"1ost41x\" data-start=\"1028\" data-end=\"1051\">S\u1ee8 M\u1ec6NH C\u1ee6A CH\u00daNG T\u00d4I<\/h2>\n<p data-start=\"1053\" data-end=\"1386\">L\u1ecdc N\u01b0\u1edbc Sen \u0110\u1ecf mong mu\u1ed1n mang \u0111\u1ebfn cho kh\u00e1ch h\u00e0ng nh\u1eefng gi\u1ea3i ph\u00e1p x\u1eed l\u00fd n\u01b0\u1edbc t\u1ed1i \u01b0u, gi\u00fap m\u1ecdi gia \u0111\u00ecnh \u0111\u1ec1u c\u00f3 c\u01a1 h\u1ed9i ti\u1ebfp c\u1eadn ngu\u1ed3n n\u01b0\u1edbc s\u1ea1ch, an to\u00e0n v\u00e0 \u0111\u1ea1t ti\u00eau chu\u1ea9n s\u1eed d\u1ee5ng. Ch\u00fang t\u00f4i kh\u00f4ng ch\u1ec9 cung c\u1ea5p s\u1ea3n ph\u1ea9m m\u00e0 c\u00f2n \u0111\u1ed3ng h\u00e0nh c\u00f9ng kh\u00e1ch h\u00e0ng trong su\u1ed1t qu\u00e1 tr\u00ecnh s\u1eed d\u1ee5ng v\u1edbi d\u1ecbch v\u1ee5 t\u01b0 v\u1ea5n, l\u1eafp \u0111\u1eb7t v\u00e0 h\u1ed7 tr\u1ee3 k\u1ef9 thu\u1eadt t\u1eadn t\u00e2m.<\/p>\n<hr data-start=\"1388\" data-end=\"1391\" \/>\n<h2 data-section-id=\"fdtaoj\" data-start=\"1393\" data-end=\"1414\">T\u1ea6M NH\u00ccN PH\u00c1T TRI\u1ec2N<\/h2>\n<p data-start=\"1416\" data-end=\"1619\">Tr\u1edf th\u00e0nh th\u01b0\u01a1ng hi\u1ec7u uy t\u00edn h\u00e0ng \u0111\u1ea7u trong l\u0129nh v\u1ef1c x\u1eed l\u00fd n\u01b0\u1edbc v\u00e0 thi\u1ebft b\u1ecb l\u1ecdc n\u01b0\u1edbc t\u1ea1i Vi\u1ec7t Nam, mang \u0111\u1ebfn c\u00e1c gi\u1ea3i ph\u00e1p hi\u1ec7n \u0111\u1ea1i, ti\u1ebft ki\u1ec7m v\u00e0 ph\u00f9 h\u1ee3p v\u1edbi \u0111i\u1ec1u ki\u1ec7n ngu\u1ed3n n\u01b0\u1edbc th\u1ef1c t\u1ebf c\u1ee7a t\u1eebng khu v\u1ef1c.<\/p>\n<hr data-start=\"1621\" data-end=\"1624\" \/>\n<h2 data-section-id=\"scp6ra\" data-start=\"1626\" data-end=\"1656\">TH\u1ebe M\u1ea0NH C\u1ee6A L\u1eccC N\u01af\u1edaC SEN \u0110\u1ece<\/h2>\n<h3 data-section-id=\"31weya\" data-start=\"1658\" data-end=\"1693\">Gi\u1ea3i ph\u00e1p ph\u00f9 h\u1ee3p t\u1eebng nhu c\u1ea7u<\/h3>\n<p data-start=\"1694\" data-end=\"1851\">M\u1ed7i ngu\u1ed3n n\u01b0\u1edbc c\u00f3 t\u00ednh ch\u1ea5t kh\u00e1c nhau, v\u00ec v\u1eady ch\u00fang t\u00f4i lu\u00f4n kh\u1ea3o s\u00e1t v\u00e0 t\u01b0 v\u1ea5n gi\u1ea3i ph\u00e1p ph\u00f9 h\u1ee3p nh\u1eb1m \u0111\u1ea1t hi\u1ec7u qu\u1ea3 x\u1eed l\u00fd t\u1ed1i \u01b0u v\u00e0 ti\u1ebft ki\u1ec7m chi ph\u00ed \u0111\u1ea7u t\u01b0.<\/p>\n<h3 data-section-id=\"jkn9iv\" data-start=\"1853\" data-end=\"1887\">Thi\u1ebft b\u1ecb v\u00e0 v\u1eadt t\u01b0 ch\u1ea5t l\u01b0\u1ee3ng<\/h3>\n<p data-start=\"1888\" data-end=\"2014\">Ch\u00fang t\u00f4i cung c\u1ea5p \u0111a d\u1ea1ng thi\u1ebft b\u1ecb, linh ki\u1ec7n v\u00e0 v\u1eadt li\u1ec7u l\u1ecdc ch\u00ednh h\u00e3ng v\u1edbi \u0111\u1ed9 b\u1ec1n cao, v\u1eadn h\u00e0nh \u1ed5n \u0111\u1ecbnh v\u00e0 d\u1ec5 d\u00e0ng b\u1ea3o tr\u00ec.<\/p>\n<h3 data-section-id=\"102clkf\" data-start=\"2016\" data-end=\"2051\">\u0110\u1ed9i ng\u0169 k\u1ef9 thu\u1eadt chuy\u00ean nghi\u1ec7p<\/h3>\n<p data-start=\"2052\" data-end=\"2214\">\u0110\u1ed9i ng\u0169 k\u1ef9 thu\u1eadt c\u00f3 kinh nghi\u1ec7m th\u1ef1c t\u1ebf trong thi c\u00f4ng v\u00e0 x\u1eed l\u00fd nhi\u1ec1u h\u1ec7 th\u1ed1ng l\u1ecdc n\u01b0\u1edbc d\u00e2n d\u1ee5ng v\u00e0 c\u00f4ng nghi\u1ec7p, \u0111\u1ea3m b\u1ea3o quy tr\u00ecnh l\u1eafp \u0111\u1eb7t nhanh ch\u00f3ng v\u00e0 an to\u00e0n.<\/p>\n<h3 data-section-id=\"5ajg5m\" data-start=\"2216\" data-end=\"2236\">D\u1ecbch v\u1ee5 t\u1eadn t\u00e2m<\/h3>\n<p data-start=\"2237\" data-end=\"2387\">L\u1ecdc N\u01b0\u1edbc Sen \u0110\u1ecf lu\u00f4n ch\u00fa tr\u1ecdng \u0111\u1ebfn tr\u1ea3i nghi\u1ec7m kh\u00e1ch h\u00e0ng v\u1edbi ch\u00ednh s\u00e1ch h\u1ed7 tr\u1ee3 k\u1ef9 thu\u1eadt, b\u1ea3o tr\u00ec v\u00e0 ch\u0103m s\u00f3c sau b\u00e1n h\u00e0ng nhanh ch\u00f3ng, chuy\u00ean nghi\u1ec7p.<\/p>\n<hr data-start=\"2389\" data-end=\"2392\" \/>\n<h2 data-section-id=\"7bds5v\" data-start=\"2394\" data-end=\"2414\">L\u0128NH V\u1ef0C HO\u1ea0T \u0110\u1ed8NG<\/h2>\n<h3 data-section-id=\"vwrhf6\" data-start=\"2416\" data-end=\"2449\">H\u1ec7 th\u1ed1ng l\u1ecdc n\u01b0\u1edbc gi\u1ebfng khoan<\/h3>\n<p data-start=\"2450\" data-end=\"2610\">Thi\u1ebft k\u1ebf v\u00e0 thi c\u00f4ng h\u1ec7 th\u1ed1ng x\u1eed l\u00fd n\u01b0\u1edbc gi\u1ebfng khoan gi\u00fap lo\u1ea1i b\u1ecf ph\u00e8n, s\u1eaft, mangan, c\u1eb7n b\u1ea9n v\u00e0 m\u00f9i h\u00f4i, mang l\u1ea1i ngu\u1ed3n n\u01b0\u1edbc s\u1ea1ch ph\u1ee5c v\u1ee5 sinh ho\u1ea1t v\u00e0 s\u1ea3n xu\u1ea5t.<\/p>\n<h3 data-section-id=\"19e0gir\" data-start=\"2612\" data-end=\"2637\">M\u00e1y l\u1ecdc n\u01b0\u1edbc gia \u0111\u00ecnh<\/h3>\n<p data-start=\"2638\" data-end=\"2763\">Cung c\u1ea5p c\u00e1c d\u00f2ng m\u00e1y l\u1ecdc n\u01b0\u1edbc RO, Nano, n\u00f3ng l\u1ea1nh ph\u00f9 h\u1ee3p cho h\u1ed9 gia \u0111\u00ecnh, v\u0103n ph\u00f2ng, qu\u00e1n \u0103n v\u00e0 nhi\u1ec1u nhu c\u1ea7u s\u1eed d\u1ee5ng kh\u00e1c.<\/p>\n<h3 data-section-id=\"sb3awd\" data-start=\"2765\" data-end=\"2795\">V\u1eadt t\u01b0 \u2013 thi\u1ebft b\u1ecb l\u1ecdc n\u01b0\u1edbc<\/h3>\n<p data-start=\"2796\" data-end=\"2922\">Ph\u00e2n ph\u1ed1i c\u1ed9t l\u1ecdc composite, m\u00e0ng RO, l\u00f5i l\u1ecdc, b\u01a1m t\u0103ng \u00e1p, van t\u1ef1 \u0111\u1ed9ng, v\u1eadt li\u1ec7u l\u1ecdc n\u01b0\u1edbc v\u00e0 nhi\u1ec1u thi\u1ebft b\u1ecb chuy\u00ean d\u1ee5ng kh\u00e1c.<\/p>\n<h3 data-section-id=\"l81c70\" data-start=\"2924\" data-end=\"2954\">D\u1ecbch v\u1ee5 b\u1ea3o tr\u00ec \u2013 s\u1eeda ch\u1eefa<\/h3>\n<p data-start=\"2955\" data-end=\"3094\">Nh\u1eadn b\u1ea3o tr\u00ec, thay l\u00f5i, v\u1ec7 sinh v\u00e0 s\u1eeda ch\u1eefa h\u1ec7 th\u1ed1ng l\u1ecdc n\u01b0\u1edbc \u0111\u1ecbnh k\u1ef3 nh\u1eb1m \u0111\u1ea3m b\u1ea3o thi\u1ebft b\u1ecb ho\u1ea1t \u0111\u1ed9ng hi\u1ec7u qu\u1ea3 v\u00e0 k\u00e9o d\u00e0i tu\u1ed5i th\u1ecd s\u1eed d\u1ee5ng.<\/p>\n<hr data-start=\"3096\" data-end=\"3099\" \/>\n<h2 data-section-id=\"1u0h72d\" data-start=\"3101\" data-end=\"3125\">CAM K\u1ebeT V\u1edaI KH\u00c1CH H\u00c0NG<\/h2>\n<ul data-start=\"3127\" data-end=\"3328\">\n<li data-section-id=\"3dd2zx\" data-start=\"3127\" data-end=\"3165\">T\u01b0 v\u1ea5n \u0111\u00fang nhu c\u1ea7u \u2013 \u0111\u00fang gi\u1ea3i ph\u00e1p<\/li>\n<li data-section-id=\"1beb7c8\" data-start=\"3166\" data-end=\"3207\">Thi\u1ebft b\u1ecb ch\u1ea5t l\u01b0\u1ee3ng \u2013 ngu\u1ed3n g\u1ed1c r\u00f5 r\u00e0ng<\/li>\n<li data-section-id=\"1bcu8vz\" data-start=\"3208\" data-end=\"3251\">Thi c\u00f4ng chuy\u00ean nghi\u1ec7p \u2013 \u0111\u1ea3m b\u1ea3o k\u1ef9 thu\u1eadt<\/li>\n<li data-section-id=\"1hk99ju\" data-start=\"3252\" data-end=\"3287\">Gi\u00e1 th\u00e0nh h\u1ee3p l\u00fd \u2013 t\u1ed1i \u01b0u chi ph\u00ed<\/li>\n<li data-section-id=\"1ou26hm\" data-start=\"3288\" data-end=\"3328\">H\u1ed7 tr\u1ee3 k\u1ef9 thu\u1eadt nhanh ch\u00f3ng v\u00e0 t\u1eadn t\u00e2m<\/li>\n<\/ul>\n<hr data-start=\"3330\" data-end=\"3333\" \/>\n<h2 data-section-id=\"3mh1l3\" data-start=\"3335\" data-end=\"3354\">TH\u00d4NG TIN C\u00d4NG TY<\/h2>\n<h3 data-section-id=\"1f17ldo\" data-start=\"3356\" data-end=\"3397\">C\u00d4NG TY TNHH DVKT C\u01a0 \u0110I\u1ec6N L\u1ea0NH SEN \u0110\u1ece<\/h3>\n<ul data-start=\"3398\" data-end=\"3570\">\n<li data-section-id=\"202xgm\" data-start=\"3398\" data-end=\"3434\"><strong data-start=\"3400\" data-end=\"3416\">Th\u01b0\u01a1ng hi\u1ec7u:<\/strong> L\u1ecdc N\u01b0\u1edbc Sen \u0110\u1ecf<\/li>\n<li data-section-id=\"1hva33b\" data-start=\"3435\" data-end=\"3506\"><strong data-start=\"3437\" data-end=\"3449\">\u0110\u1ecba ch\u1ec9:<\/strong> 35 Tr\u1ea7n Th\u1ecb N\u0103m, Ph\u01b0\u1eddng Trung M\u1ef9 T\u00e2y, TP.HCM, Vi\u1ec7t Nam<\/li>\n<li data-section-id=\"5rpz8t\" data-start=\"3507\" data-end=\"3537\"><strong data-start=\"3509\" data-end=\"3524\">M\u00e3 s\u1ed1 thu\u1ebf:<\/strong> 0316584697<\/li>\n<li data-section-id=\"1873nww\" data-start=\"3538\" data-end=\"3570\"><strong data-start=\"3540\" data-end=\"3555\">\u0110i\u1ec7n tho\u1ea1i:<\/strong> 0899 632 897<\/li>\n<\/ul>\n","protected":false},"excerpt":{"rendered":"<p>Trong b\u1ed1i c\u1ea3nh ngu\u1ed3n n\u01b0\u1edbc sinh ho\u1ea1t ng\u00e0y c\u00e0ng \u00f4 nhi\u1ec5m, vi\u1ec7c s\u1edf h\u1eefu m\u1ed9t h\u1ec7 th\u1ed1ng x\u1eed l\u00fd n\u01b0\u1edbc hi\u1ec7u qu\u1ea3 v\u00e0 an to\u00e0n \u0111\u00e3 tr\u1edf th\u00e0nh nhu c\u1ea7u thi\u1ebft y\u1ebfu \u0111\u1ed1i v\u1edbi m\u1ed7i gia \u0111\u00ecnh v\u00e0 doanh nghi\u1ec7p. V\u1edbi mong mu\u1ed1n mang \u0111\u1ebfn ngu\u1ed3n n\u01b0\u1edbc s\u1ea1ch \u0111\u1ea1t chu\u1ea9n, an to\u00e0n cho s\u1ee9c kh\u1ecfe [&#8230;]\n","protected":false},"author":1,"featured_media":0,"parent":0,"menu_order":0,"comment_status":"closed","ping_status":"closed","template":"","meta":{"footnotes":""},"class_list":["post-269","page","type-page","status-publish","hentry"],"_links":{"self":[{"href":"https:\/\/locnuocsendo.com\/index.php\/wp-json\/wp\/v2\/pages\/269","targetHints":{"allow":["GET"]}}],"collection":[{"href":"https:\/\/locnuocsendo.com\/index.php\/wp-json\/wp\/v2\/pages"}],"about":[{"href":"https:\/\/locnuocsendo.com\/index.php\/wp-json\/wp\/v2\/types\/page"}],"author":[{"embeddable":true,"href":"https:\/\/locnuocsendo.com\/index.php\/wp-json\/wp\/v2\/users\/1"}],"replies":[{"embeddable":true,"href":"https:\/\/locnuocsendo.com\/index.php\/wp-json\/wp\/v2\/comments?post=269"}],"version-history":[{"count":3,"href":"https:\/\/locnuocsendo.com\/index.php\/wp-json\/wp\/v2\/pages\/269\/revisions"}],"predecessor-version":[{"id":361,"href":"https:\/\/locnuocsendo.com\/index.php\/wp-json\/wp\/v2\/pages\/269\/revisions\/361"}],"wp:attachment":[{"href":"https:\/\/locnuocsendo.com\/index.php\/wp-json\/wp\/v2\/media?parent=269"}],"curies":[{"name":"wp","href":"https:\/\/api.w.org\/{rel}","templated":true}]}}