{"id":271,"date":"2026-04-25T04:07:37","date_gmt":"2026-04-25T04:07:37","guid":{"rendered":"https:\/\/locnuocsendo.com\/?page_id=271"},"modified":"2026-05-08T01:50:23","modified_gmt":"2026-05-08T01:50:23","slug":"lien-he","status":"publish","type":"page","link":"https:\/\/locnuocsendo.com\/index.php\/lien-he\/","title":{"rendered":"LI\u00caN H\u1ec6"},"content":{"rendered":"<h2 data-section-id=\"101yqf3\" data-start=\"11\" data-end=\"53\">C\u00d4NG TY TNHH DVKT C\u01a0 \u0110I\u1ec6N L\u1ea0NH SEN \u0110\u1ece<\/h2>\n<h3 data-section-id=\"y3abbc\" data-start=\"54\" data-end=\"86\">Th\u01b0\u01a1ng hi\u1ec7u: L\u1ecdc N\u01b0\u1edbc Sen \u0110\u1ecf<\/h3>\n<p data-start=\"88\" data-end=\"431\">L\u1ecdc N\u01b0\u1edbc Sen \u0110\u1ecf lu\u00f4n s\u1eb5n s\u00e0ng h\u1ed7 tr\u1ee3 kh\u00e1ch h\u00e0ng t\u01b0 v\u1ea5n, kh\u1ea3o s\u00e1t v\u00e0 cung c\u1ea5p c\u00e1c gi\u1ea3i ph\u00e1p x\u1eed l\u00fd n\u01b0\u1edbc ph\u00f9 h\u1ee3p cho gia \u0111\u00ecnh, doanh nghi\u1ec7p v\u00e0 c\u00f4ng tr\u00ecnh d\u00e2n d\u1ee5ng. N\u1ebfu qu\u00fd kh\u00e1ch c\u1ea7n t\u01b0 v\u1ea5n h\u1ec7 th\u1ed1ng l\u1ecdc n\u01b0\u1edbc gi\u1ebfng khoan, m\u00e1y l\u1ecdc n\u01b0\u1edbc ho\u1eb7c c\u00e1c thi\u1ebft b\u1ecb \u2013 v\u1eadt t\u01b0 ng\u00e0nh l\u1ecdc n\u01b0\u1edbc, vui l\u00f2ng li\u00ean h\u1ec7 v\u1edbi ch\u00fang t\u00f4i \u0111\u1ec3 \u0111\u01b0\u1ee3c h\u1ed7 tr\u1ee3 nhanh ch\u00f3ng v\u00e0 t\u1eadn t\u00ecnh.<\/p>\n<hr data-start=\"433\" data-end=\"436\" \/>\n<h2 data-section-id=\"1nu9g1k\" data-start=\"438\" data-end=\"458\">TH\u00d4NG TIN LI\u00caN H\u1ec6<\/h2>\n<p data-start=\"460\" data-end=\"532\">\ud83d\udccd <strong data-start=\"463\" data-end=\"475\">\u0110\u1ecba ch\u1ec9:<\/strong><br data-start=\"475\" data-end=\"478\" \/>35 Tr\u1ea7n Th\u1ecb N\u0103m, Ph\u01b0\u1eddng Trung M\u1ef9 T\u00e2y, TP.HCM, Vi\u1ec7t Nam<\/p>\n<p data-start=\"534\" data-end=\"564\">\ud83d\udcde <strong data-start=\"537\" data-end=\"549\">Hotline:<\/strong><br data-start=\"549\" data-end=\"552\" \/>0899 632 897<\/p>\n<p data-start=\"566\" data-end=\"625\">\ud83c\udfe2 <strong data-start=\"569\" data-end=\"585\">T\u00ean c\u00f4ng ty:<\/strong><br data-start=\"585\" data-end=\"588\" \/>C\u00f4ng Ty TNHH DVKT C\u01a1 \u0110i\u1ec7n L\u1ea1nh Sen \u0110\u1ecf<\/p>\n<p data-start=\"627\" data-end=\"658\">\ud83e\uddfe <strong data-start=\"630\" data-end=\"645\">M\u00e3 s\u1ed1 thu\u1ebf:<\/strong><br data-start=\"645\" data-end=\"648\" \/>0316584697<\/p>\n<hr data-start=\"660\" data-end=\"663\" \/>\n<h2 data-section-id=\"so60d2\" data-start=\"665\" data-end=\"686\">TH\u1edcI GIAN L\u00c0M VI\u1ec6C<\/h2>\n<ul data-start=\"687\" data-end=\"752\">\n<li data-section-id=\"1azumt6\" data-start=\"687\" data-end=\"719\">Th\u1ee9 2 \u2013 Th\u1ee9 7: 07:30 \u2013 18:00<\/li>\n<li data-section-id=\"10z2jlq\" data-start=\"720\" data-end=\"752\">Ch\u1ee7 nh\u1eadt: H\u1ed7 tr\u1ee3 theo l\u1ecbch h\u1eb9n<\/li>\n<\/ul>\n<hr data-start=\"754\" data-end=\"757\" \/>\n<h2 data-section-id=\"xn20rs\" data-start=\"759\" data-end=\"776\">D\u1ecaCH V\u1ee4 H\u1ed6 TR\u1ee2<\/h2>\n<p data-start=\"777\" data-end=\"973\">\u2714 T\u01b0 v\u1ea5n h\u1ec7 th\u1ed1ng l\u1ecdc n\u01b0\u1edbc gi\u1ebfng khoan<br data-start=\"815\" data-end=\"818\" \/>\u2714 Thi c\u00f4ng \u2013 l\u1eafp \u0111\u1eb7t h\u1ec7 th\u1ed1ng l\u1ecdc n\u01b0\u1edbc<br data-start=\"856\" data-end=\"859\" \/>\u2714 Cung c\u1ea5p m\u00e1y l\u1ecdc n\u01b0\u1edbc gia \u0111\u00ecnh<br data-start=\"891\" data-end=\"894\" \/>\u2714 Ph\u00e2n ph\u1ed1i v\u1eadt t\u01b0 \u2013 thi\u1ebft b\u1ecb l\u1ecdc n\u01b0\u1edbc<br data-start=\"932\" data-end=\"935\" \/>\u2714 B\u1ea3o tr\u00ec \u2013 s\u1eeda ch\u1eefa h\u1ec7 th\u1ed1ng l\u1ecdc n\u01b0\u1edbc<\/p>\n<hr data-start=\"975\" data-end=\"978\" \/>\n<h2 data-section-id=\"82g1w9\" data-start=\"980\" data-end=\"1008\">CAM K\u1ebeT H\u1ed6 TR\u1ee2 KH\u00c1CH H\u00c0NG<\/h2>\n<p data-start=\"1009\" data-end=\"1182\">L\u1ecdc N\u01b0\u1edbc Sen \u0110\u1ecf cam k\u1ebft mang \u0111\u1ebfn gi\u1ea3i ph\u00e1p x\u1eed l\u00fd n\u01b0\u1edbc hi\u1ec7u qu\u1ea3, chi ph\u00ed h\u1ee3p l\u00fd c\u00f9ng d\u1ecbch v\u1ee5 h\u1ed7 tr\u1ee3 k\u1ef9 thu\u1eadt t\u1eadn t\u00e2m, gi\u00fap kh\u00e1ch h\u00e0ng an t\u00e2m s\u1eed d\u1ee5ng ngu\u1ed3n n\u01b0\u1edbc s\u1ea1ch m\u1ed7i ng\u00e0y.<\/p>\n","protected":false},"excerpt":{"rendered":"<p>C\u00d4NG TY TNHH DVKT C\u01a0 \u0110I\u1ec6N L\u1ea0NH SEN \u0110\u1ece Th\u01b0\u01a1ng hi\u1ec7u: L\u1ecdc N\u01b0\u1edbc Sen \u0110\u1ecf L\u1ecdc N\u01b0\u1edbc Sen \u0110\u1ecf lu\u00f4n s\u1eb5n s\u00e0ng h\u1ed7 tr\u1ee3 kh\u00e1ch h\u00e0ng t\u01b0 v\u1ea5n, kh\u1ea3o s\u00e1t v\u00e0 cung c\u1ea5p c\u00e1c gi\u1ea3i ph\u00e1p x\u1eed l\u00fd n\u01b0\u1edbc ph\u00f9 h\u1ee3p cho gia \u0111\u00ecnh, doanh nghi\u1ec7p v\u00e0 c\u00f4ng tr\u00ecnh d\u00e2n d\u1ee5ng. N\u1ebfu qu\u00fd kh\u00e1ch c\u1ea7n [&#8230;]\n","protected":false},"author":1,"featured_media":0,"parent":0,"menu_order":0,"comment_status":"closed","ping_status":"closed","template":"","meta":{"footnotes":""},"class_list":["post-271","page","type-page","status-publish","hentry"],"_links":{"self":[{"href":"https:\/\/locnuocsendo.com\/index.php\/wp-json\/wp\/v2\/pages\/271","targetHints":{"allow":["GET"]}}],"collection":[{"href":"https:\/\/locnuocsendo.com\/index.php\/wp-json\/wp\/v2\/pages"}],"about":[{"href":"https:\/\/locnuocsendo.com\/index.php\/wp-json\/wp\/v2\/types\/page"}],"author":[{"embeddable":true,"href":"https:\/\/locnuocsendo.com\/index.php\/wp-json\/wp\/v2\/users\/1"}],"replies":[{"embeddable":true,"href":"https:\/\/locnuocsendo.com\/index.php\/wp-json\/wp\/v2\/comments?post=271"}],"version-history":[{"count":3,"href":"https:\/\/locnuocsendo.com\/index.php\/wp-json\/wp\/v2\/pages\/271\/revisions"}],"predecessor-version":[{"id":363,"href":"https:\/\/locnuocsendo.com\/index.php\/wp-json\/wp\/v2\/pages\/271\/revisions\/363"}],"wp:attachment":[{"href":"https:\/\/locnuocsendo.com\/index.php\/wp-json\/wp\/v2\/media?parent=271"}],"curies":[{"name":"wp","href":"https:\/\/api.w.org\/{rel}","templated":true}]}}